{"id":1617,"date":"2025-10-10T17:10:14","date_gmt":"2025-10-10T17:10:14","guid":{"rendered":"https:\/\/www.naturatellae.com\/?page_id=1617"},"modified":"2025-12-06T09:26:29","modified_gmt":"2025-12-06T09:26:29","slug":"entreprises","status":"publish","type":"page","link":"https:\/\/www.naturatellae.com\/?page_id=1617","title":{"rendered":"ENTREPRISES &amp; ORGANISATIONS"},"content":{"rendered":"\n<h2 class=\"wp-block-heading\"><strong>Offre Nature &amp; Bien-\u00eatre au travail<\/strong><\/h2>\n\n\n\n<p class=\"has-luminous-vivid-amber-background-color has-background\"><strong>Pourquoi proposer cette activit\u00e9 \u00e0 vos \u00e9quipes ?<\/strong><\/p>\n\n\n\n<ul class=\"wp-block-list\">\n<li><strong>Renforcer la coh\u00e9sion d\u2019\u00e9quipe<\/strong> dans un cadre naturel et inspirant.<\/li>\n\n\n\n<li><strong>Lutter contre le stress et la fatigue professionnelle<\/strong> gr\u00e2ce \u00e0 des exercices de pleine conscience et de reconnexion \u00e0 la nature.<\/li>\n\n\n\n<li><strong>Stimuler la cr\u00e9ativit\u00e9 et la motivation<\/strong> en sortant du cadre habituel.<\/li>\n\n\n\n<li><strong>Valoriser votre engagement RSE<\/strong> (Responsabilit\u00e9 Soci\u00e9tale des Entreprises) en proposant une activit\u00e9 locale, \u00e9co-responsable et bien-\u00eatre.<\/li>\n<\/ul>\n\n\n\n<h4 class=\"wp-block-heading has-luminous-vivid-amber-background-color has-background\">Des interventions ponctuelles \u00e0 un accompagnement sp\u00e9cifique  en passant par une formation cibl\u00e9e  ou  par une journ\u00e9e d\u00e9connexion<\/h4>\n\n\n\n<p>Interrogeons la place de la nature et de l&rsquo;environnement dans votre entreprise&#8230; <\/p>\n\n\n\n<p>Imaginons ensemble de nouveaux modes de pens\u00e9e et d&rsquo;action&#8230;<\/p>\n\n\n\n<p>Sensibilisons vos collaborateurs tout en s&rsquo;appuyant sur leurs sensibilit\u00e9s environnementales&#8230; <\/p>\n\n\n\n<p>Agissons concr\u00e8tement lors d&rsquo;ateliers de team-building&#8230; <\/p>\n\n\n\n<p>Prenons du recul en posant un regard neuf sur la nature, source de cr\u00e9ativit\u00e9&#8230;<\/p>\n\n\n\n<p><a href=\"https:\/\/www.naturatellae.com\/?page_id=1359\" data-type=\"page\" data-id=\"1359\">S\u00e9minaires <\/a> Coh\u00e9sion ou prise de recul<\/p>\n\n\n\n<p><a href=\"https:\/\/www.naturatellae.com\/?p=1410\">Programmes d&rsquo;animation<\/a> pour vos collaborateurs <\/p>\n\n\n\n<p><a href=\"https:\/\/www.naturatellae.com\/?page_id=1191\" target=\"_blank\" rel=\"noreferrer noopener\">Accompagnement <\/a>de votre d\u00e9marche RSE <\/p>\n\n\n\n<p>Plus de d\u00e9tails sur <a href=\"https:\/\/www.naturatellae.com\/wp-content\/uploads\/2025\/12\/BROCHURE-Natura-Tellae-2026-version-03-12-25.pdf\">BROCHURE Natura Tellae 2026<\/a> <\/p>\n\n\n\n<figure class=\"wp-block-gallery has-nested-images columns-default is-cropped wp-block-gallery-1 is-layout-flex wp-block-gallery-is-layout-flex\">\n<figure class=\"wp-block-image size-large is-style-rounded\"><img loading=\"lazy\" decoding=\"async\" width=\"1024\" height=\"683\" data-id=\"1726\" src=\"https:\/\/www.naturatellae.com\/wp-content\/uploads\/2025\/10\/0024_CAELesSettons-4059_WEB-1024x683.jpg\" alt=\"\" class=\"wp-image-1726\" srcset=\"https:\/\/www.naturatellae.com\/wp-content\/uploads\/2025\/10\/0024_CAELesSettons-4059_WEB-1024x683.jpg 1024w, https:\/\/www.naturatellae.com\/wp-content\/uploads\/2025\/10\/0024_CAELesSettons-4059_WEB-300x200.jpg 300w, https:\/\/www.naturatellae.com\/wp-content\/uploads\/2025\/10\/0024_CAELesSettons-4059_WEB-768x512.jpg 768w, https:\/\/www.naturatellae.com\/wp-content\/uploads\/2025\/10\/0024_CAELesSettons-4059_WEB.jpg 1080w\" sizes=\"auto, (max-width: 1024px) 100vw, 1024px\" \/><\/figure>\n\n\n\n<figure class=\"wp-block-image size-large is-style-rounded\"><img loading=\"lazy\" decoding=\"async\" width=\"683\" height=\"1024\" data-id=\"1722\" src=\"https:\/\/www.naturatellae.com\/wp-content\/uploads\/2025\/10\/0035_CAELesSettons-4122_WEB.jpg\" alt=\"\" class=\"wp-image-1722\" srcset=\"https:\/\/www.naturatellae.com\/wp-content\/uploads\/2025\/10\/0035_CAELesSettons-4122_WEB.jpg 683w, https:\/\/www.naturatellae.com\/wp-content\/uploads\/2025\/10\/0035_CAELesSettons-4122_WEB-200x300.jpg 200w\" sizes=\"auto, (max-width: 683px) 100vw, 683px\" \/><\/figure>\n\n\n\n<figure class=\"wp-block-image size-large is-style-rounded\"><img loading=\"lazy\" decoding=\"async\" width=\"683\" height=\"1024\" data-id=\"1723\" src=\"https:\/\/www.naturatellae.com\/wp-content\/uploads\/2025\/10\/0055_CAELesSettons-4207_WEB.jpg\" alt=\"\" class=\"wp-image-1723\" srcset=\"https:\/\/www.naturatellae.com\/wp-content\/uploads\/2025\/10\/0055_CAELesSettons-4207_WEB.jpg 683w, https:\/\/www.naturatellae.com\/wp-content\/uploads\/2025\/10\/0055_CAELesSettons-4207_WEB-200x300.jpg 200w\" sizes=\"auto, (max-width: 683px) 100vw, 683px\" \/><\/figure>\n\n\n\n<figure class=\"wp-block-image size-large is-style-rounded\"><img loading=\"lazy\" decoding=\"async\" width=\"1024\" height=\"683\" data-id=\"1724\" src=\"https:\/\/www.naturatellae.com\/wp-content\/uploads\/2025\/10\/0083_CAELesSettons-4314_WEB-1024x683.jpg\" alt=\"\" class=\"wp-image-1724\" srcset=\"https:\/\/www.naturatellae.com\/wp-content\/uploads\/2025\/10\/0083_CAELesSettons-4314_WEB-1024x683.jpg 1024w, https:\/\/www.naturatellae.com\/wp-content\/uploads\/2025\/10\/0083_CAELesSettons-4314_WEB-300x200.jpg 300w, https:\/\/www.naturatellae.com\/wp-content\/uploads\/2025\/10\/0083_CAELesSettons-4314_WEB-768x512.jpg 768w, https:\/\/www.naturatellae.com\/wp-content\/uploads\/2025\/10\/0083_CAELesSettons-4314_WEB.jpg 1080w\" sizes=\"auto, (max-width: 1024px) 100vw, 1024px\" \/><\/figure>\n\n\n\n<figure class=\"wp-block-image size-large is-style-rounded\"><img loading=\"lazy\" decoding=\"async\" width=\"683\" height=\"1024\" data-id=\"1721\" src=\"https:\/\/www.naturatellae.com\/wp-content\/uploads\/2025\/10\/0093_CAELesSettons-4346_WEB.jpg\" alt=\"\" class=\"wp-image-1721\" srcset=\"https:\/\/www.naturatellae.com\/wp-content\/uploads\/2025\/10\/0093_CAELesSettons-4346_WEB.jpg 683w, https:\/\/www.naturatellae.com\/wp-content\/uploads\/2025\/10\/0093_CAELesSettons-4346_WEB-200x300.jpg 200w\" sizes=\"auto, (max-width: 683px) 100vw, 683px\" \/><\/figure>\n\n\n\n<figure class=\"wp-block-image size-large is-style-rounded\"><img loading=\"lazy\" decoding=\"async\" width=\"683\" height=\"1024\" data-id=\"1725\" src=\"https:\/\/www.naturatellae.com\/wp-content\/uploads\/2025\/10\/0115_CAELesSettons-4431_WEB.jpg\" alt=\"\" class=\"wp-image-1725\" srcset=\"https:\/\/www.naturatellae.com\/wp-content\/uploads\/2025\/10\/0115_CAELesSettons-4431_WEB.jpg 683w, https:\/\/www.naturatellae.com\/wp-content\/uploads\/2025\/10\/0115_CAELesSettons-4431_WEB-200x300.jpg 200w\" sizes=\"auto, (max-width: 683px) 100vw, 683px\" \/><\/figure>\n<\/figure>\n\n\n\n<figure class=\"wp-block-pullquote has-luminous-vivid-amber-color has-text-color has-link-color wp-elements-c720e2aa051248013b91e0c0a4ce5fcb\"><blockquote><p>La \u00ab\u00a0transition juste\u00a0\u00bb vise une transformation \u00e9cologique, sociale et \u00e9conomique partag\u00e9e par l&rsquo;ensemble des habitants dans une d\u00e9marche d\u00e9mocratique. Elle prend en consid\u00e9ration les in\u00e9galit\u00e9s sociales propres \u00e0 chaque contexte g\u00e9ographique et temporel pour mettre en action tous les publics et inventer collectivement de nouveaux r\u00e9cits<\/p><cite>Essai de d\u00e9finition collective men\u00e9 lors des rencontres CFEEDD &#8211; Paris &#8211; 09\/10\/25<\/cite><\/blockquote><\/figure>\n","protected":false},"excerpt":{"rendered":"<p>Offre Nature &amp; Bien-\u00eatre au travail Pourquoi proposer cette activit\u00e9 \u00e0 vos \u00e9quipes ? Des interventions ponctuelles \u00e0 un accompagnement sp\u00e9cifique en passant par une formation cibl\u00e9e ou par une journ\u00e9e d\u00e9connexion Interrogeons la place de la nature et de l&rsquo;environnement dans votre entreprise&#8230; Imaginons ensemble de nouveaux modes de pens\u00e9e et d&rsquo;action&#8230; Sensibilisons vos&hellip; <br \/> <a class=\"button small blue\" href=\"https:\/\/www.naturatellae.com\/?page_id=1617\">Lire la suite<\/a><\/p>\n","protected":false},"author":1,"featured_media":0,"parent":0,"menu_order":0,"comment_status":"closed","ping_status":"closed","template":"","meta":{"footnotes":""},"class_list":["post-1617","page","type-page","status-publish","hentry"],"_links":{"self":[{"href":"https:\/\/www.naturatellae.com\/index.php?rest_route=\/wp\/v2\/pages\/1617","targetHints":{"allow":["GET"]}}],"collection":[{"href":"https:\/\/www.naturatellae.com\/index.php?rest_route=\/wp\/v2\/pages"}],"about":[{"href":"https:\/\/www.naturatellae.com\/index.php?rest_route=\/wp\/v2\/types\/page"}],"author":[{"embeddable":true,"href":"https:\/\/www.naturatellae.com\/index.php?rest_route=\/wp\/v2\/users\/1"}],"replies":[{"embeddable":true,"href":"https:\/\/www.naturatellae.com\/index.php?rest_route=%2Fwp%2Fv2%2Fcomments&post=1617"}],"version-history":[{"count":10,"href":"https:\/\/www.naturatellae.com\/index.php?rest_route=\/wp\/v2\/pages\/1617\/revisions"}],"predecessor-version":[{"id":2036,"href":"https:\/\/www.naturatellae.com\/index.php?rest_route=\/wp\/v2\/pages\/1617\/revisions\/2036"}],"wp:attachment":[{"href":"https:\/\/www.naturatellae.com\/index.php?rest_route=%2Fwp%2Fv2%2Fmedia&parent=1617"}],"curies":[{"name":"wp","href":"https:\/\/api.w.org\/{rel}","templated":true}]}}