{"id":1359,"date":"2024-12-19T14:13:24","date_gmt":"2024-12-19T14:13:24","guid":{"rendered":"https:\/\/www.naturatellae.com\/?page_id=1359"},"modified":"2025-11-01T14:35:46","modified_gmt":"2025-11-01T14:35:46","slug":"seminaire-nature","status":"publish","type":"page","link":"https:\/\/www.naturatellae.com\/?page_id=1359","title":{"rendered":"SEMINAIRE NATURE"},"content":{"rendered":"\n<p class=\"has-text-color has-link-color wp-elements-d1a806f18dda3ef97a9e63bd75509f23\" style=\"color:#508e00f2\"><em><strong>Profitez d&rsquo;une escapade en \u00e9quipe pour faire le plein de bonnes \u00e9nergies ! <\/strong><\/em><\/p>\n\n\n\n<p class=\"has-text-color has-link-color wp-elements-56de3e74c51d1df61add93a9c5f6a3af\" style=\"color:#508e00f2\"><em>Organisez un s\u00e9minaire o\u00f9 l&rsquo;engagement et la transformation de votre organisation seront g\u00e9n\u00e9r\u00e9s par des activit\u00e9s qui donnent envie de faire \u00e9voluer ses pratiques sans bouleverser totalement les d\u00e9marches parfois d\u00e9j\u00e0 engag\u00e9es. <\/em><\/p>\n\n\n\n<p>2 ENTREES A MODULER : <\/p>\n\n\n\n<ul class=\"wp-block-list\">\n<li><strong>Challenge \/ Coh\u00e9sion            <\/strong><\/li>\n\n\n\n<li><strong>Prise de recul \/ D\u00e9connexion <\/strong><\/li>\n<\/ul>\n\n\n\n<p class=\"has-text-color has-link-color wp-elements-71fc96d16ba7a19e00a3253ab73f2112\" style=\"color:#508e00f2\"><em><strong>Dans le cadre de votre strat\u00e9gie RSE, organisez une exp\u00e9rience enrichissante et joyeuse o\u00f9 le bien-\u00eatre de chacun sera au c\u0153ur d&rsquo;une prise de conscience douce et collective. <\/strong><\/em><\/p>\n\n\n\n<p>NATURA TELLAE vous propose diff\u00e9rentes formules : <\/p>\n\n\n\n<ul class=\"wp-block-list\">\n<li class=\"has-black-color has-text-color has-link-color wp-elements-200d9977c60cb523ddc31e6d5ee0bde7\">Des sorties en pleine nature <strong>COHESION DE GROUPE ET PRISE DE RECUL <\/strong>\n<ul class=\"wp-block-list\">\n<li class=\"has-text-color has-link-color wp-elements-ba7611e4a283bd428fe052d7b5d794ab\" style=\"color:#508e00f2\">Des <a href=\"https:\/\/www.naturatellae.com\/?p=705#page-content\" target=\"_blank\" rel=\"noreferrer noopener\">BALADES-ATELIERS<\/a> \u00e0 la carte \u00e0 proximit\u00e9 de l&rsquo;h\u00e9bergement que vous avez d\u00e9j\u00e0 trouv\u00e9<\/li>\n\n\n\n<li class=\"has-text-color has-link-color wp-elements-54a3a9f25041cf633f5e2c684fe74c41\" style=\"color:#508e00f2\">Des <a href=\"https:\/\/www.naturatellae.com\/?page_id=1207\" target=\"_blank\" rel=\"noreferrer noopener\">ANIMATIONS NATURE ENVIRONNEMENT THEMATIQUES<\/a> selon les enjeux identifi\u00e9s<\/li>\n<\/ul>\n<\/li>\n\n\n\n<li class=\"has-black-color has-text-color has-link-color wp-elements-2e3142bef108ffe542263c4bd5df2110\">Des ateliers cibl\u00e9s <strong>RESSOURCES HUMAINES ET QVCT <\/strong>(Qualit\u00e9 de Vie et Conditions de Travail) :\n<ul class=\"wp-block-list\">\n<li class=\"has-text-color has-link-color wp-elements-1479114d438790c61583ca1f952a4683\" style=\"color:#508e00f2\"><strong>Atelier de Co-construction <\/strong>: <em>Moduler son management au regard de la gestion des espaces naturels <\/em>&#8211; <em>La nature comme m\u00e9taphore RH <\/em><\/li>\n\n\n\n<li class=\"has-text-color has-link-color wp-elements-40af552fd1c39aa960d20ba10b25163a\" style=\"color:#508e00f2\"><strong>Conf\u00e9rence-Ateliers<\/strong> : <em>Envisager son environnement autrement &#8211; <a href=\"https:\/\/www.naturatellae.com\/?p=1389\" target=\"_blank\" rel=\"noreferrer noopener\">Bien-\u00eatre au travail <\/a><\/em><\/li>\n<\/ul>\n<\/li>\n\n\n\n<li>Une OFFRE CO-CONSTRUITE avec des partenaires et h\u00e9bergeurs touristiques du secteur\n<ul class=\"wp-block-list\">\n<li class=\"has-black-color has-text-color has-link-color wp-elements-65351b625bfefad9cfc2edf6a216b95c\"><strong>SPORT ET NATURE<\/strong> \u00e0 la base de loisirs <a href=\"https:\/\/activital.net\/location-pour-seminaires-en-bourgogne-58230-les-settons-03-86-84-51-98-2024\/\" target=\"_blank\" rel=\"noreferrer noopener\">Activital<\/a> des Settons ou de Baye<\/li>\n\n\n\n<li class=\"has-black-color has-text-color has-link-color wp-elements-d389fe6002882b52180f1f531b96d8e5\"><strong>NATURE ET CULTURE<\/strong> au <a href=\"https:\/\/www.moulin-pres-vezelay.fr\/presentation\/organisez-votre-seminaire-au-vert-et-renforcez-votre-cohesion-d-equipe-.html\">Moulin pr\u00e8s V\u00e9zelay <\/a><\/li>\n<\/ul>\n<\/li>\n\n\n\n<li class=\"has-text-color has-link-color wp-elements-906059371a12ee8ab81bf9d0b9e338f3\" style=\"color:#508e00f2\">Une OFFRE A CONSTRUIRE sur VOTRE SITE ou VOTRE HEBERGEMENT<\/li>\n<\/ul>\n\n\n\n<p>Par une approche sensible et pratique, chaque intervention m\u00ealera des activit\u00e9s sur le terrain, des temps de r\u00e9flexion et de la co-construction. <\/p>\n\n\n\n<p>La dur\u00e9e, la forme et le contenu seront d\u00e9finis ensemble en fonction de votre projet.<\/p>\n\n\n\n<p>Un programme sur plusieurs jours peut \u00eatre construit pour favoriser la progression du groupe vers un engagement collectif sans oublier la prise de conscience individuelle.  <\/p>\n\n\n\n<p><strong>Contactez-moi au 06 70 12 48 69 pour plus de renseignements. <\/strong>Mes disponibilit\u00e9s<a href=\"https:\/\/calendly.com\/naturatellaecontact\/1er-contact\"> ici <\/a><\/p>\n\n\n\n<div class=\"wp-block-columns is-layout-flex wp-container-core-columns-is-layout-9d6595d7 wp-block-columns-is-layout-flex\">\n<div class=\"wp-block-column is-layout-flow wp-block-column-is-layout-flow\" style=\"flex-basis:100%\"><\/div>\n<\/div>\n\n\n\n<figure class=\"wp-block-gallery has-nested-images columns-default is-cropped wp-block-gallery-1 is-layout-flex wp-block-gallery-is-layout-flex\">\n<figure class=\"wp-block-image size-large\"><img loading=\"lazy\" decoding=\"async\" width=\"768\" height=\"1024\" data-id=\"1210\" src=\"https:\/\/www.naturatellae.com\/wp-content\/uploads\/2024\/11\/20230701_185951-768x1024.jpg\" alt=\"\" class=\"wp-image-1210\" srcset=\"https:\/\/www.naturatellae.com\/wp-content\/uploads\/2024\/11\/20230701_185951-768x1024.jpg 768w, https:\/\/www.naturatellae.com\/wp-content\/uploads\/2024\/11\/20230701_185951-225x300.jpg 225w, https:\/\/www.naturatellae.com\/wp-content\/uploads\/2024\/11\/20230701_185951-1152x1536.jpg 1152w, https:\/\/www.naturatellae.com\/wp-content\/uploads\/2024\/11\/20230701_185951-1536x2048.jpg 1536w, https:\/\/www.naturatellae.com\/wp-content\/uploads\/2024\/11\/20230701_185951-1024x1365.jpg 1024w, https:\/\/www.naturatellae.com\/wp-content\/uploads\/2024\/11\/20230701_185951-810x1080.jpg 810w, https:\/\/www.naturatellae.com\/wp-content\/uploads\/2024\/11\/20230701_185951-scaled.jpg 1920w\" sizes=\"auto, (max-width: 768px) 100vw, 768px\" \/><\/figure>\n\n\n\n<figure class=\"wp-block-image size-large\"><img loading=\"lazy\" decoding=\"async\" width=\"1024\" height=\"768\" data-id=\"1212\" src=\"https:\/\/www.naturatellae.com\/wp-content\/uploads\/2024\/11\/form-CAE-26-09-23-bis--1024x768.jpg\" alt=\"\" class=\"wp-image-1212\" srcset=\"https:\/\/www.naturatellae.com\/wp-content\/uploads\/2024\/11\/form-CAE-26-09-23-bis--1024x768.jpg 1024w, https:\/\/www.naturatellae.com\/wp-content\/uploads\/2024\/11\/form-CAE-26-09-23-bis--300x225.jpg 300w, https:\/\/www.naturatellae.com\/wp-content\/uploads\/2024\/11\/form-CAE-26-09-23-bis--768x576.jpg 768w, https:\/\/www.naturatellae.com\/wp-content\/uploads\/2024\/11\/form-CAE-26-09-23-bis--1536x1152.jpg 1536w, https:\/\/www.naturatellae.com\/wp-content\/uploads\/2024\/11\/form-CAE-26-09-23-bis--1440x1080.jpg 1440w, https:\/\/www.naturatellae.com\/wp-content\/uploads\/2024\/11\/form-CAE-26-09-23-bis-.jpg 1600w\" sizes=\"auto, (max-width: 1024px) 100vw, 1024px\" \/><\/figure>\n\n\n\n<figure class=\"wp-block-image size-large\"><img loading=\"lazy\" decoding=\"async\" width=\"1024\" height=\"768\" data-id=\"1186\" src=\"https:\/\/www.naturatellae.com\/wp-content\/uploads\/2024\/11\/20231205_100513-1024x768.jpg\" alt=\"\" class=\"wp-image-1186\" srcset=\"https:\/\/www.naturatellae.com\/wp-content\/uploads\/2024\/11\/20231205_100513-1024x768.jpg 1024w, https:\/\/www.naturatellae.com\/wp-content\/uploads\/2024\/11\/20231205_100513-300x225.jpg 300w, https:\/\/www.naturatellae.com\/wp-content\/uploads\/2024\/11\/20231205_100513-768x576.jpg 768w, https:\/\/www.naturatellae.com\/wp-content\/uploads\/2024\/11\/20231205_100513-1536x1152.jpg 1536w, https:\/\/www.naturatellae.com\/wp-content\/uploads\/2024\/11\/20231205_100513-2048x1536.jpg 2048w, https:\/\/www.naturatellae.com\/wp-content\/uploads\/2024\/11\/20231205_100513-1440x1080.jpg 1440w\" sizes=\"auto, (max-width: 1024px) 100vw, 1024px\" \/><\/figure>\n\n\n\n<figure class=\"wp-block-image size-large\"><img loading=\"lazy\" decoding=\"async\" width=\"768\" height=\"1024\" data-id=\"1209\" src=\"https:\/\/www.naturatellae.com\/wp-content\/uploads\/2024\/11\/20230701_164843-768x1024.jpg\" alt=\"\" class=\"wp-image-1209\" srcset=\"https:\/\/www.naturatellae.com\/wp-content\/uploads\/2024\/11\/20230701_164843-768x1024.jpg 768w, https:\/\/www.naturatellae.com\/wp-content\/uploads\/2024\/11\/20230701_164843-225x300.jpg 225w, https:\/\/www.naturatellae.com\/wp-content\/uploads\/2024\/11\/20230701_164843-1152x1536.jpg 1152w, https:\/\/www.naturatellae.com\/wp-content\/uploads\/2024\/11\/20230701_164843-1536x2048.jpg 1536w, https:\/\/www.naturatellae.com\/wp-content\/uploads\/2024\/11\/20230701_164843-1024x1365.jpg 1024w, https:\/\/www.naturatellae.com\/wp-content\/uploads\/2024\/11\/20230701_164843-810x1080.jpg 810w, https:\/\/www.naturatellae.com\/wp-content\/uploads\/2024\/11\/20230701_164843-scaled.jpg 1920w\" sizes=\"auto, (max-width: 768px) 100vw, 768px\" \/><\/figure>\n\n\n\n<figure class=\"wp-block-image size-large\"><img loading=\"lazy\" decoding=\"async\" width=\"768\" height=\"1024\" data-id=\"1211\" src=\"https:\/\/www.naturatellae.com\/wp-content\/uploads\/2024\/11\/20240821_115008-768x1024.jpg\" alt=\"\" class=\"wp-image-1211\" srcset=\"https:\/\/www.naturatellae.com\/wp-content\/uploads\/2024\/11\/20240821_115008-768x1024.jpg 768w, https:\/\/www.naturatellae.com\/wp-content\/uploads\/2024\/11\/20240821_115008-225x300.jpg 225w, https:\/\/www.naturatellae.com\/wp-content\/uploads\/2024\/11\/20240821_115008-1152x1536.jpg 1152w, https:\/\/www.naturatellae.com\/wp-content\/uploads\/2024\/11\/20240821_115008-1536x2048.jpg 1536w, https:\/\/www.naturatellae.com\/wp-content\/uploads\/2024\/11\/20240821_115008-1024x1365.jpg 1024w, https:\/\/www.naturatellae.com\/wp-content\/uploads\/2024\/11\/20240821_115008-810x1080.jpg 810w, https:\/\/www.naturatellae.com\/wp-content\/uploads\/2024\/11\/20240821_115008-scaled.jpg 1920w\" sizes=\"auto, (max-width: 768px) 100vw, 768px\" \/><\/figure>\n\n\n\n<figure class=\"wp-block-image size-large\"><img loading=\"lazy\" decoding=\"async\" width=\"1024\" height=\"768\" data-id=\"1028\" src=\"https:\/\/www.naturatellae.com\/wp-content\/uploads\/2024\/08\/groupe-sortie-Activital-Baye-25-08-24-1024x768.jpg\" alt=\"\" class=\"wp-image-1028\" srcset=\"https:\/\/www.naturatellae.com\/wp-content\/uploads\/2024\/08\/groupe-sortie-Activital-Baye-25-08-24-1024x768.jpg 1024w, https:\/\/www.naturatellae.com\/wp-content\/uploads\/2024\/08\/groupe-sortie-Activital-Baye-25-08-24-300x225.jpg 300w, https:\/\/www.naturatellae.com\/wp-content\/uploads\/2024\/08\/groupe-sortie-Activital-Baye-25-08-24-768x576.jpg 768w, https:\/\/www.naturatellae.com\/wp-content\/uploads\/2024\/08\/groupe-sortie-Activital-Baye-25-08-24-1536x1152.jpg 1536w, https:\/\/www.naturatellae.com\/wp-content\/uploads\/2024\/08\/groupe-sortie-Activital-Baye-25-08-24.jpg 2048w\" sizes=\"auto, (max-width: 1024px) 100vw, 1024px\" \/><\/figure>\n\n\n\n<figure class=\"wp-block-image size-large\"><img loading=\"lazy\" decoding=\"async\" width=\"1024\" height=\"768\" data-id=\"1025\" src=\"https:\/\/www.naturatellae.com\/wp-content\/uploads\/2024\/09\/20240825_101700-1024x768.jpg\" alt=\"\" class=\"wp-image-1025\" srcset=\"https:\/\/www.naturatellae.com\/wp-content\/uploads\/2024\/09\/20240825_101700-1024x768.jpg 1024w, https:\/\/www.naturatellae.com\/wp-content\/uploads\/2024\/09\/20240825_101700-300x225.jpg 300w, https:\/\/www.naturatellae.com\/wp-content\/uploads\/2024\/09\/20240825_101700-768x576.jpg 768w, https:\/\/www.naturatellae.com\/wp-content\/uploads\/2024\/09\/20240825_101700-1536x1152.jpg 1536w, https:\/\/www.naturatellae.com\/wp-content\/uploads\/2024\/09\/20240825_101700-2048x1536.jpg 2048w\" sizes=\"auto, (max-width: 1024px) 100vw, 1024px\" \/><\/figure>\n\n\n\n<figure class=\"wp-block-image size-large\"><img loading=\"lazy\" decoding=\"async\" width=\"1024\" height=\"768\" data-id=\"30\" src=\"https:\/\/www.naturatellae.com\/wp-content\/uploads\/2022\/04\/IMG_20210220_110605-1024x768.jpg\" alt=\"pont du moulin\" class=\"wp-image-30\" srcset=\"https:\/\/www.naturatellae.com\/wp-content\/uploads\/2022\/04\/IMG_20210220_110605-1024x768.jpg 1024w, https:\/\/www.naturatellae.com\/wp-content\/uploads\/2022\/04\/IMG_20210220_110605-300x225.jpg 300w, https:\/\/www.naturatellae.com\/wp-content\/uploads\/2022\/04\/IMG_20210220_110605-768x576.jpg 768w, https:\/\/www.naturatellae.com\/wp-content\/uploads\/2022\/04\/IMG_20210220_110605-1536x1152.jpg 1536w, https:\/\/www.naturatellae.com\/wp-content\/uploads\/2022\/04\/IMG_20210220_110605-2048x1536.jpg 2048w\" sizes=\"auto, (max-width: 1024px) 100vw, 1024px\" \/><\/figure>\n<\/figure>\n\n\n\n<p><\/p>\n","protected":false},"excerpt":{"rendered":"<p>Profitez d&rsquo;une escapade en \u00e9quipe pour faire le plein de bonnes \u00e9nergies ! Organisez un s\u00e9minaire o\u00f9 l&rsquo;engagement et la transformation de votre organisation seront g\u00e9n\u00e9r\u00e9s par des activit\u00e9s qui donnent envie de faire \u00e9voluer ses pratiques sans bouleverser totalement les d\u00e9marches parfois d\u00e9j\u00e0 engag\u00e9es. 2 ENTREES A MODULER : Dans le cadre de votre&hellip; <br \/> <a class=\"button small blue\" href=\"https:\/\/www.naturatellae.com\/?page_id=1359\">Lire la suite<\/a><\/p>\n","protected":false},"author":1,"featured_media":1360,"parent":0,"menu_order":4,"comment_status":"closed","ping_status":"closed","template":"","meta":{"footnotes":""},"class_list":["post-1359","page","type-page","status-publish","has-post-thumbnail","hentry"],"_links":{"self":[{"href":"https:\/\/www.naturatellae.com\/index.php?rest_route=\/wp\/v2\/pages\/1359","targetHints":{"allow":["GET"]}}],"collection":[{"href":"https:\/\/www.naturatellae.com\/index.php?rest_route=\/wp\/v2\/pages"}],"about":[{"href":"https:\/\/www.naturatellae.com\/index.php?rest_route=\/wp\/v2\/types\/page"}],"author":[{"embeddable":true,"href":"https:\/\/www.naturatellae.com\/index.php?rest_route=\/wp\/v2\/users\/1"}],"replies":[{"embeddable":true,"href":"https:\/\/www.naturatellae.com\/index.php?rest_route=%2Fwp%2Fv2%2Fcomments&post=1359"}],"version-history":[{"count":15,"href":"https:\/\/www.naturatellae.com\/index.php?rest_route=\/wp\/v2\/pages\/1359\/revisions"}],"predecessor-version":[{"id":1894,"href":"https:\/\/www.naturatellae.com\/index.php?rest_route=\/wp\/v2\/pages\/1359\/revisions\/1894"}],"wp:featuredmedia":[{"embeddable":true,"href":"https:\/\/www.naturatellae.com\/index.php?rest_route=\/wp\/v2\/media\/1360"}],"wp:attachment":[{"href":"https:\/\/www.naturatellae.com\/index.php?rest_route=%2Fwp%2Fv2%2Fmedia&parent=1359"}],"curies":[{"name":"wp","href":"https:\/\/api.w.org\/{rel}","templated":true}]}}