{"id":1083,"date":"2024-11-16T10:57:54","date_gmt":"2024-11-16T10:57:54","guid":{"rendered":"https:\/\/www.naturatellae.com\/?page_id=1083"},"modified":"2026-03-11T16:07:47","modified_gmt":"2026-03-11T16:07:47","slug":"one-page-express","status":"publish","type":"page","link":"https:\/\/www.naturatellae.com\/","title":{"rendered":"Accueil"},"content":{"rendered":"<div id=\"overlapable-2\" class=\"features-coloured-icon-boxes-section\" style=\"background-color: #ffffff;\" data-label=\"Overlapable\" data-id=\"stripped-coloured-icon-boxes\" data-category=\"overlapable\" data-overlap=\"true\">\n<div class=\"gridContainer\">\n<div class=\"features-coloured-icon-boxes-innerrow flexbox-list dark-text\" data-type=\"row\">\n<div class=\"features-coloured-icon-boxes-featurecol cp3cols\">\n<div class=\"features-coloured-icon-boxes-iconcontainer\" data-content-item-container=\"true\"><\/div>\n<h4 class=\"\">Organisateurs<\/h4>\n<p class=\"\">Des balades sur-mesure\u2026<\/p>\n<p class=\"\">Des ateliers ludiques et p\u00e9dagogiques&#8230;\nDes stands adapt\u00e9s \u00e0 vos besoins&#8230;<\/p>\n<p class=\"\">Des formations cibl\u00e9es<\/p>\n<p class=\"\">Des activit\u00e9s team-building pour vos s\u00e9minaires<\/p>\nUne offre r\u00e9pondant aux attentes de vos clients\n<p class=\"\">Dur\u00e9e, th\u00e9matique et lieu d\u2019activit\u00e9<\/p>\n\u00e0 d\u00e9finir ensemble\n<p class=\"\"><a class=\"features-coloured-button\" href=\"https:\/\/www.naturatellae.com?page_id=1623\" target=\"_blank\" rel=\"noopener\">Pour en savoir + <\/a><\/p>\n\n<\/div>\n<div class=\"features-coloured-icon-boxes-featurecol cp3cols\">\n<div class=\"features-coloured-icon-boxes-iconcontainer\" data-content-item-container=\"true\"><\/div>\n<h4 class=\"\">Particuliers<\/h4>\n<p class=\"\">Une balade immersion pour aborder un sujet sp\u00e9cifique<\/p>\n<p class=\"\">Un coaching Bien-\u00eatre et Nutrition<\/p>\n<p class=\"\">Des sorties toute l\u2019ann\u00e9e selon vos envies \u2013 tout public<\/p>\n<p class=\"\"><a class=\"features-coloured-button\" href=\"https:\/\/www.naturatellae.com?page_id=1619\" target=\"_blank\" rel=\"noopener\">Pour en savoir +<\/a><\/p>\n\n<\/div>\n<div class=\"features-coloured-icon-boxes-featurecol cp3cols\">\n<div class=\"features-coloured-icon-boxes-iconcontainer\" data-content-item-container=\"true\"><\/div>\n<h4 class=\"\">Entreprises &amp; organisations<\/h4>\n<p class=\"\">Des balades, des ateliers \u2026<\/p>\nla transition \u00e9cologique au c\u0153ur des activit\u00e9s\n<p class=\"\">Un accompagnement au changement dans une d\u00e9marche RSE<\/p>\n<p class=\"\">Diff\u00e9rentes\u00a0 approches :<\/p>\nDECONNEXION\n\nBIEN-ETRE AU TRAVAIL\n\nCOHESION D&rsquo;EQUIPE\n\nNATURE ET ENVIRONNEMENT\n<p class=\"\"><a class=\"features-coloured-button\" href=\"https:\/\/www.naturatellae.com?page_id=1617\" target=\"_blank\" rel=\"noopener\">Pour en savoir + <\/a><\/p>\n\n<\/div>\n<div class=\"features-coloured-icon-boxes-featurecol cp3cols\">\n<div class=\"features-coloured-icon-boxes-iconcontainer\" data-content-item-container=\"true\"><\/div>\n<h4 class=\"\">H\u00e9bergeurs<\/h4>\n<p class=\"\">Un projet de valorisation de vos espaces ext\u00e9rieurs\u2026<\/p>\n<p class=\"\">Une d\u00e9marche engag\u00e9e en faveur de l\u2019environnement\u2026<\/p>\n<p class=\"\">Une approche p\u00e9dagogique de votre site et des alentours\u2026<\/p>\nUne offre adapt\u00e9e \u00e0 vos clients&#8230;\n<p class=\"\"><a class=\"features-coloured-button\" href=\"https:\/\/www.naturatellae.com?page_id=1609\" target=\"_blank\" rel=\"noopener\">Pour en savoir + <\/a><\/p>\n\n<\/div>\n<\/div>\n<\/div>\n<\/div>\n<div id=\"about-1\" class=\"about-big-images-section\" style=\"background-color: #f6f6f6;\" data-label=\"About\" data-id=\"about-big-images-section\" data-category=\"about\">\n<div class=\"\">\n<div class=\"about-big-images-textrow\">\n<div class=\"about-big-images-textcol dynamic-color\" data-type=\"column\">\n<h5 class=\"\">Mon cr\u00e9do<\/h5>\n<h3 class=\"\" style=\"text-align: center;\">D\u00e9velopper son bien-\u00eatre en conscience,<\/h3>\n<h3 class=\"\" style=\"text-align: center;\">plut\u00f4t que prendre son mal en patience\u2026<\/h3>\n<a href=\"https:\/\/www.naturatellae.com\/?p=1965\">Offre NATURA TELLAE 2026<\/a>\n\n<\/div>\n<\/div>\n<\/div>\n<\/div>\n<div id=\"content-3\" class=\"content-left-image-section\" style=\"background-color: #ffffff;\" data-label=\"Content\" data-id=\"content-image-left\" data-category=\"content\">\n<div class=\"gridContainer\">\n<div class=\"row\">\n<div data-type=\"column\"><img loading=\"lazy\" decoding=\"async\" class=\"alignnone size-medium wp-image-693 alignleft\" src=\"https:\/\/www.naturatellae.com\/wp-content\/uploads\/2023\/09\/20230727_121532-225x300.jpg\" alt=\"\" width=\"225\" height=\"300\" srcset=\"https:\/\/www.naturatellae.com\/wp-content\/uploads\/2023\/09\/20230727_121532-225x300.jpg 225w, https:\/\/www.naturatellae.com\/wp-content\/uploads\/2023\/09\/20230727_121532-768x1024.jpg 768w, https:\/\/www.naturatellae.com\/wp-content\/uploads\/2023\/09\/20230727_121532-1152x1536.jpg 1152w, https:\/\/www.naturatellae.com\/wp-content\/uploads\/2023\/09\/20230727_121532-1536x2048.jpg 1536w, https:\/\/www.naturatellae.com\/wp-content\/uploads\/2023\/09\/20230727_121532-scaled.jpg 1920w\" sizes=\"auto, (max-width: 225px) 100vw, 225px\" \/><img loading=\"lazy\" decoding=\"async\" class=\"alignnone size-medium wp-image-1040\" src=\"https:\/\/www.naturatellae.com\/wp-content\/uploads\/2024\/08\/20230322_132748-146x300.jpg\" alt=\"\" width=\"146\" height=\"300\" srcset=\"https:\/\/www.naturatellae.com\/wp-content\/uploads\/2024\/08\/20230322_132748-146x300.jpg 146w, https:\/\/www.naturatellae.com\/wp-content\/uploads\/2024\/08\/20230322_132748-498x1024.jpg 498w, https:\/\/www.naturatellae.com\/wp-content\/uploads\/2024\/08\/20230322_132748-768x1580.jpg 768w, https:\/\/www.naturatellae.com\/wp-content\/uploads\/2024\/08\/20230322_132748-747x1536.jpg 747w, https:\/\/www.naturatellae.com\/wp-content\/uploads\/2024\/08\/20230322_132748-996x2048.jpg 996w, https:\/\/www.naturatellae.com\/wp-content\/uploads\/2024\/08\/20230322_132748-scaled.jpg 1244w\" sizes=\"auto, (max-width: 146px) 100vw, 146px\" \/><img loading=\"lazy\" decoding=\"async\" class=\"alignnone size-medium wp-image-1548\" src=\"https:\/\/www.naturatellae.com\/wp-content\/uploads\/2025\/01\/20250724_214803-225x300.jpg\" alt=\"\" width=\"225\" height=\"300\" srcset=\"https:\/\/www.naturatellae.com\/wp-content\/uploads\/2025\/01\/20250724_214803-225x300.jpg 225w, https:\/\/www.naturatellae.com\/wp-content\/uploads\/2025\/01\/20250724_214803-768x1024.jpg 768w, https:\/\/www.naturatellae.com\/wp-content\/uploads\/2025\/01\/20250724_214803-1152x1536.jpg 1152w, https:\/\/www.naturatellae.com\/wp-content\/uploads\/2025\/01\/20250724_214803-1536x2048.jpg 1536w, https:\/\/www.naturatellae.com\/wp-content\/uploads\/2025\/01\/20250724_214803-1024x1365.jpg 1024w, https:\/\/www.naturatellae.com\/wp-content\/uploads\/2025\/01\/20250724_214803-810x1080.jpg 810w, https:\/\/www.naturatellae.com\/wp-content\/uploads\/2025\/01\/20250724_214803-scaled.jpg 1920w\" sizes=\"auto, (max-width: 225px) 100vw, 225px\" \/><img loading=\"lazy\" decoding=\"async\" class=\"alignnone size-medium wp-image-1755\" src=\"https:\/\/www.naturatellae.com\/wp-content\/uploads\/2025\/10\/IMG_20241003_095004-226x300.jpg\" alt=\"\" width=\"226\" height=\"300\" srcset=\"https:\/\/www.naturatellae.com\/wp-content\/uploads\/2025\/10\/IMG_20241003_095004-226x300.jpg 226w, https:\/\/www.naturatellae.com\/wp-content\/uploads\/2025\/10\/IMG_20241003_095004-771x1024.jpg 771w, https:\/\/www.naturatellae.com\/wp-content\/uploads\/2025\/10\/IMG_20241003_095004-768x1020.jpg 768w, https:\/\/www.naturatellae.com\/wp-content\/uploads\/2025\/10\/IMG_20241003_095004-1157x1536.jpg 1157w, https:\/\/www.naturatellae.com\/wp-content\/uploads\/2025\/10\/IMG_20241003_095004-1542x2048.jpg 1542w, https:\/\/www.naturatellae.com\/wp-content\/uploads\/2025\/10\/IMG_20241003_095004-1024x1360.jpg 1024w, https:\/\/www.naturatellae.com\/wp-content\/uploads\/2025\/10\/IMG_20241003_095004-813x1080.jpg 813w, https:\/\/www.naturatellae.com\/wp-content\/uploads\/2025\/10\/IMG_20241003_095004-scaled.jpg 1928w\" sizes=\"auto, (max-width: 226px) 100vw, 226px\" \/><\/div>\n<div class=\"content-left-image-imgcol\" data-type=\"column\"><img decoding=\"async\" class=\"aligncenter\" src=\"https:\/\/www.naturatellae.com\/wp-content\/uploads\/2024\/08\/FLYER-Balades-2025-Natura-Tellae-recto.jpg\" alt=\"\" \/><\/div>\n<div class=\"content-left-image-textcol dynamic-color\" data-type=\"column\">\n<h2 class=\"\">Balades Animation Nature<\/h2>\n<p class=\"large_text\">APPROCHE SYMBOLIQUE\nDECOUVERTES NATURALISTES\nDes jeux, des ateliers et un cheminement doux\u2026<\/p>\n<p class=\"\">Enfants, Adultes, Familles, S\u00e9niors et autres publics\nQuoi de mieux pour entrer en contact<\/p>\n<p class=\"\">avec le monde qui nous entoure !<\/p>\n<p class=\"\"><a class=\"button blue\" href=\"https:\/\/www.naturatellae.com?page_id=1207\" target=\"_self\"> Pour en savoir + <\/a><\/p>\n\n<\/div>\n<\/div>\n<\/div>\n<\/div>\n<div id=\"content-4\" class=\"content-right-image-section\" style=\"background-color: #f6f6f6;\" data-label=\"Content\" data-id=\"content-image-right\" data-category=\"content\">\n<div class=\"gridContainer\">\n<div class=\"content-right-image-gridcol\">\n<div class=\"content-right-image-textcol dynamic-color\" data-type=\"column\">\n<h2 class=\"\">Formations<\/h2>\n<p class=\"large_text\">Bien-\u00eatre au travail<\/p>\n<p class=\"\">Sant\u00e9 environnement<\/p>\n<p class=\"\">Accompagnement aux transitions<\/p>\n<p class=\"\">Actions concr\u00e8tes et faciles \u00e0 mettre en place dans son organisation<\/p>\n<p class=\"\"><a class=\"button blue\" href=\"https:\/\/www.naturatellae.com?page_id=1172\">Pour en savoir +<\/a><\/p>\n\n<\/div>\n<div class=\"content-right-image-imgcol\" data-type=\"column\"><img decoding=\"async\" class=\"\" src=\"https:\/\/www.naturatellae.com\/wp-content\/uploads\/2024\/11\/20231205_100513-scaled.jpg\" alt=\"\" \/><\/div>\n<\/div>\n<\/div>\n<\/div>\n<div id=\"portfolio-2\" style=\"background-color: #ffffff;\" data-label=\"Portfolio\" data-id=\"portfolio-full-section\" data-category=\"portfolio\">\n<div class=\"portfolio-full-section\" data-type=\"row\">\n<div class=\"portfolio-full-projectco cp4cols cp4cols-tablet\">\n<div id=\"ContentSwap103\" class=\"contentswap-effect ContentSwap103\">\n<div class=\"ContentSwap103_content initial-image\"><img decoding=\"async\" class=\"portfolio-full-projectimg\" src=\"https:\/\/www.naturatellae.com\/wp-content\/uploads\/2023\/10\/cropped-Affiche-peur-nature-NT-2023-2024.png\" data-size=\"1200x800\" \/><\/div>\n<div class=\"overlay\" style=\"display: block; opacity: 1;\"><\/div>\n<div class=\"swap-inner\" style=\"opacity: 1; display: block;\">\n<div class=\"ContentSwap103-center\">\n<h4 class=\"protfolio-full-itemtitle\">LA NATURE MEME PAS PEUR !<\/h4>\n<a class=\"button yellow\" href=\"https:\/\/www.naturatellae.com?p=289\" target=\"_self\">D\u00e9tails<\/a>\n\n<\/div>\n<\/div>\n<\/div>\n<\/div>\n<div class=\"portfolio-full-projectco cp4cols cp4cols-tablet\">\n<div id=\"ContentSwap103\" class=\"contentswap-effect ContentSwap103\">\n<div class=\"ContentSwap103_content initial-image\"><img decoding=\"async\" class=\"portfolio-full-projectimg\" src=\"https:\/\/www.naturatellae.com\/wp-content\/uploads\/2023\/09\/cropped-20230731_153009-scaled-1.jpg\" data-size=\"1200x800\" \/><\/div>\n<div class=\"overlay\" style=\"display: block; opacity: 1;\"><\/div>\n<div class=\"swap-inner\" style=\"opacity: 1; display: block;\">\n<div class=\"ContentSwap103-center\">\n<h4 class=\"protfolio-full-itemtitle\">APPROCHE SYMBOLIQUE<\/h4>\n<a class=\"button yellow\" href=\"https:\/\/www.naturatellae.com?p=782\" target=\"_self\">D\u00e9tails<\/a>\n\n<\/div>\n<\/div>\n<\/div>\n<\/div>\n<div class=\"portfolio-full-projectco cp4cols cp4cols-tablet\">\n<div id=\"ContentSwap103\" class=\"contentswap-effect ContentSwap103\">\n<div class=\"ContentSwap103_content initial-image\"><img decoding=\"async\" class=\"portfolio-full-projectimg\" src=\"https:\/\/www.naturatellae.com\/wp-content\/uploads\/2023\/11\/cropped-Affiche-prog-Homme-Nature-Nourriture-2024.jpg\" data-size=\"1200x800\" \/><\/div>\n<div class=\"overlay\" style=\"display: block; opacity: 1;\"><\/div>\n<div class=\"swap-inner\" style=\"opacity: 1; display: block;\">\n<div class=\"ContentSwap103-center\">\n<h4 class=\"protfolio-full-itemtitle\">HOMME NATURE ET NOURRITURE<\/h4>\n<a class=\"button yellow\" href=\"https:\/\/www.naturatellae.com?p=273\" target=\"_self\">D\u00e9tails <\/a>\n\n<\/div>\n<\/div>\n<\/div>\n<\/div>\n<\/div>\n<\/div>\n<div id=\"testimonials-1\" class=\"testimonials-boxed-section\" style=\"background-color: #f6f6f6;\" data-label=\"Testimonials\" data-id=\"testimonials-boxed-section\" data-category=\"testimonials\">\n<div class=\"gridContainer\">\n<div class=\"testimonials-boxed-textcol dynamic-color\" data-type=\"column\">\n<h2 class=\"\">T\u00e9moignages<\/h2>\n<\/div>\n<div class=\"testimonials-boxed-itemsrow dark-text\" data-type=\"row\">\n<div class=\"testimonials-boxed-itemcol cp4cols cp6cols-tablet\">\n<div class=\"testimonials-boxed-itemcard\" data-type=\"column\">\n<h4 class=\"testimonials-boxed-itemtext\">TEAM-BUILDING et SEMINAIRES 2024<\/h4>\n<p class=\"\">\u00ab Bienveillante et enthousiaste, Virginie s\u2019adapte aux sensibilit\u00e9s de chacun et anime ses sorties avec une grande g\u00e9n\u00e9rosit\u00e9 et un grand professionnalisme, sortant de son sac \u00e0 dos magique tout un petit attirail d\u2019astucieux accessoires pour (re)d\u00e9couvrir les passionnantes merveilles de la nature, que ce soit de fa\u00e7on scientifique ou de fa\u00e7on plus sensible. Il y en a pour tous les go\u00fbts, et on en ressort forc\u00e9ment plus riche de quelque chose ! \u00c0 recommander les yeux ferm\u00e9s.\u00bb<\/p>\n<p class=\"\"><img decoding=\"async\" class=\"testimonials-boxed-itemimg\" src=\"https:\/\/www.naturatellae.com\/wp-content\/uploads\/2024\/11\/cropped-cropped-personnages-pictos.avif\" alt=\"\" data-size=\"500x500\" \/><\/p>\n\n<h5 class=\"testimonials-boxed-itemname\">Alice F.<\/h5>\n<p class=\"\">Lectrice correctrice\nCAE Bourgogne<\/p>\n\n<h6 class=\"testimonials-boxed-itempos\">Activital Settons<\/h6>\n<p class=\"\">23 mai 2024<\/p>\n\n<\/div>\n<\/div>\n<div class=\"testimonials-boxed-itemcol cp4cols cp6cols-tablet\">\n<div class=\"testimonials-boxed-itemcard\" data-type=\"column\">\n<h4 class=\"testimonials-boxed-itemtext\">BALADE SYMBOLIQUE<\/h4>\n<p class=\"\">Merci beaucoup pour la balade nocturne\u2026<\/p>\n<p class=\"\">\u2026 et pour moi c\u2019\u00e9tait aussi fort de sentir que je pouvais quand m\u00eame participer \u00e0 une sortie qui me faisais envie en nouveau mode famille. J\u2019ai appr\u00e9ci\u00e9 les ateliers que tu as propos\u00e9. Surtout la corde, le moment bougie dans le champs, les d\u00e9lices, l\u2019\u00e9coute de la chouette, les runes\u2026<\/p>\n<p class=\"\">D\u2019\u00eatre ensemble humblement dans la nuit, c\u2019\u00e9tait bon.<\/p>\n<p class=\"\">On est bien rentr\u00e9s se reposer apr\u00e8s avoir crois\u00e9 beaucoup d\u2019animaux sauvages sur le retour. On a l\u2019intention de faire un ou deux feux le 31 et j\u2019ai r\u00e9colt\u00e9 plusieurs p\u00e9pites d\u2019inspiration gr\u00e2ce \u00e0 toi et \u00e0 la sortie. Merci encore.<\/p>\n<p class=\"\"><img decoding=\"async\" class=\"testimonials-boxed-itemimg\" src=\"https:\/\/www.naturatellae.com\/wp-content\/uploads\/2023\/10\/cropped-cropped-Affiche-peur-nature-NT-2023-2024.png\" alt=\"\" data-size=\"500x500\" \/><\/p>\n\n<h5 class=\"testimonials-boxed-itemname\">Clara<\/h5>\n<p class=\"\">Jeune Maman<\/p>\n\n<h6 class=\"testimonials-boxed-itempos\">Balade symbolique Samhain\u2026<\/h6>\n<p class=\"\">aux origines d\u2019Halloween \u00bb<\/p>\n<p class=\"\">14 octobre 2024<\/p>\n\n<\/div>\n<\/div>\n<div class=\"testimonials-boxed-itemcol cp4cols cp6cols-tablet\">\n<div class=\"testimonials-boxed-itemcard\" data-type=\"column\">\n<h4 class=\"\"><em><strong>ACCOMPAGNEMENT INDIVIDUEL \u2013 COACHING<\/strong><\/em><\/h4>\n<p class=\"testimonials-boxed-itemtext\">Bonjour Virginie,<\/p>\n<p class=\"\">Voil\u00e0 3 fois que je le relis depuis hier et c\u2019est un tr\u00e8s bel autoportrait (voir site BEES). Je te retrouve, et aussi le cadre tr\u00e8s clair et connect\u00e9 que tu proposes et accompagnes, la temporalit\u00e9 et l\u2018appropriation\u2026(\u2026) quelques notions essentielles qui te sont ch\u00e8res:<\/p>\n<p class=\"\">\u2026.en pleine nature\u2026 ; \u2026douceur\u2026., \u2026 Sur mesure<\/p>\n<p class=\"\">Comme un clin d\u2019\u0153il dans les mots pour le chemin de Se relier \u00e0 la nature et le cosmos c\u2019est se relier \u00e0 soi et \u00e0 notre nature int\u00e9rieure.<\/p>\n<p class=\"\">L\u2019expression\u2026 \u00bbou la nature (re)devient support\u2026 \u00bb,(\u2026) est juste ; c\u2019est certainement la fa\u00e7on de le dire le plus simplement. Mais tu ne te sers pas de la nature (comme quelque chose d\u2019ext\u00e9rieur) pour nous montrer, tu nous emm\u00e8nes dans l\u2019espace que nous ne foulons pas assez de notre lien \u00e0 la nature et \u00e0 nous m\u00eame, sur un pied d\u2019\u00e9galit\u00e9.<\/p>\n<p class=\"\"><img decoding=\"async\" class=\"testimonials-boxed-itemimg\" src=\"https:\/\/www.naturatellae.com\/wp-content\/uploads\/2024\/11\/cropped-20230808_haie-noisetiers-petite-1-1.jpeg\" alt=\"\" data-size=\"500x500\" \/><\/p>\n\n<h5 class=\"testimonials-boxed-itemname\">Annick<\/h5>\n<p class=\"\">\u00ab\u00a0En transition\u00a0\u00bb<\/p>\n\n<h6 class=\"testimonials-boxed-itempos\">Accompagnement 2023<\/h6>\n<p class=\"\">6 s\u00e9ances<\/p>\n\n<\/div>\n<\/div>\n<\/div>\n<\/div>\n<\/div>\n<div id=\"contact-4\" class=\"contact-section-formsection white-text\" data-label=\"Contact\" data-id=\"contact-section\" data-category=\"contact\" data-bg=\"transparent\">\n<div class=\"gridContainer\">\n<div class=\"row_224\">\n<div class=\"contact-textrow\">\n<div class=\"contact-textcol dynamic-color\">\n<h2 class=\"\">Pour aller + loin\u2026<\/h2>\n<p class=\"white_text\">Discutons de votre projet, de vos id\u00e9es,<\/p>\nde ce que vous d\u00e9sirez\u2026\n\nPour toute information,\n\nd\u00e9tails sur les \u00e9v\u00e9nements, ateliers et formations,\n\nn\u2019h\u00e9sitez pas \u00e0 me contacter directement.\n\n<a href=\"https:\/\/www.naturatellae.com?p=1463\" target=\"_blank\" rel=\"noopener\">Conditions g\u00e9n\u00e9rales de vente<\/a>\n\n<\/div>\n<\/div>\n<\/div>\n<div class=\"contact-formcol\" data-content-shortcode=\"one_page_express_contact_form shortcode=&quot;06 70 12 48 69 &quot;\" data-editable=\"true\">[06 70 12 48 69]<\/div>\n<\/div>\n<\/div>","protected":false},"excerpt":{"rendered":"<p>Organisateurs Des balades sur-mesure\u2026 Des ateliers ludiques et p\u00e9dagogiques&#8230; Des stands adapt\u00e9s \u00e0 vos besoins&#8230; Des formations cibl\u00e9es Des activit\u00e9s team-building pour vos s\u00e9minaires Une offre r\u00e9pondant aux attentes de vos clients Dur\u00e9e, th\u00e9matique et lieu d\u2019activit\u00e9 \u00e0 d\u00e9finir ensemble Pour en savoir + Particuliers Une balade immersion pour aborder un sujet sp\u00e9cifique Un coaching&hellip; <br \/> <a class=\"button small blue\" href=\"https:\/\/www.naturatellae.com\/?p=2144\">Lire la suite<\/a><\/p>\n","protected":false},"author":1,"featured_media":0,"parent":0,"menu_order":0,"comment_status":"closed","ping_status":"closed","template":"page-templates\/homepage.php","meta":{"footnotes":""},"class_list":["post-1083","page","type-page","status-publish","hentry"],"_links":{"self":[{"href":"https:\/\/www.naturatellae.com\/index.php?rest_route=\/wp\/v2\/pages\/1083","targetHints":{"allow":["GET"]}}],"collection":[{"href":"https:\/\/www.naturatellae.com\/index.php?rest_route=\/wp\/v2\/pages"}],"about":[{"href":"https:\/\/www.naturatellae.com\/index.php?rest_route=\/wp\/v2\/types\/page"}],"author":[{"embeddable":true,"href":"https:\/\/www.naturatellae.com\/index.php?rest_route=\/wp\/v2\/users\/1"}],"replies":[{"embeddable":true,"href":"https:\/\/www.naturatellae.com\/index.php?rest_route=%2Fwp%2Fv2%2Fcomments&post=1083"}],"version-history":[{"count":68,"href":"https:\/\/www.naturatellae.com\/index.php?rest_route=\/wp\/v2\/pages\/1083\/revisions"}],"predecessor-version":[{"id":2167,"href":"https:\/\/www.naturatellae.com\/index.php?rest_route=\/wp\/v2\/pages\/1083\/revisions\/2167"}],"wp:attachment":[{"href":"https:\/\/www.naturatellae.com\/index.php?rest_route=%2Fwp%2Fv2%2Fmedia&parent=1083"}],"curies":[{"name":"wp","href":"https:\/\/api.w.org\/{rel}","templated":true}]}}